{"id":4795,"date":"2019-05-15T14:06:21","date_gmt":"2019-05-15T14:06:21","guid":{"rendered":"https:\/\/francesca-vaccari-tango.com\/?page_id=4795"},"modified":"2023-07-19T01:03:39","modified_gmt":"2023-07-19T01:03:39","slug":"a-propos-de-moi","status":"publish","type":"page","link":"https:\/\/francesca-vaccari-tango.com\/fr\/a-propos-de-moi\/","title":{"rendered":"\u00c0 PROPOS DE MOI"},"content":{"rendered":"<div id='layer_slider_1'  class='avia-layerslider main_color avia-shadow  avia-builder-el-0  el_before_av_section  avia-builder-el-first  container_wrap fullsize'  style='height: 874px; max-width: 1310px; margin: 0 auto;'  ><\/div>\n<div id='av_section_1'  class='avia-section av-cx3w9s-5ff176a501d0a69d632a9503b06414c8 main_color avia-section-default avia-no-shadow  avia-builder-el-1  el_after_av_layerslider  avia-builder-el-last  avia-bg-style-scroll container_wrap fullsize'  ><div class='container av-section-cont-open' ><div class='template-page content  av-content-full alpha units'><div class='post-entry post-entry-type-page post-entry-4795'><div class='entry-content-wrapper clearfix'>\n<section  class='av_textblock_section av-lk90lfjw-b91d544f7aede2ee940b2a9f9f3b4929'  itemscope=\"itemscope\" itemtype=\"https:\/\/schema.org\/CreativeWork\" ><div class='avia_textblock'  itemprop=\"text\" ><h1 style=\"text-align: center;\"> Francesca Vaccari &#8211; Danseuse de tango argentin<\/h1>\n<h3 style=\"text-align: center;\">\u00c0 PROPOS DE MOI<em><br \/>\n<\/em><\/h3>\n<\/div><\/section>\n\n<style type=\"text\/css\" data-created_by=\"avia_inline_auto\" id=\"style-css-av-9rqqz4-ae94d66018b3dbbdc6afe354e61fba40\">\n#top .hr.av-9rqqz4-ae94d66018b3dbbdc6afe354e61fba40{\nmargin-top:30px;\nmargin-bottom:30px;\n}\n.hr.av-9rqqz4-ae94d66018b3dbbdc6afe354e61fba40 .hr-inner{\nwidth:150px;\nmax-width:45%;\n}\n<\/style>\n<div  class='hr av-9rqqz4-ae94d66018b3dbbdc6afe354e61fba40 hr-custom hr-center hr-icon-yes'><span class='hr-inner inner-border-av-border-thin'><span class=\"hr-inner-style\"><\/span><\/span><span class='av-seperator-icon' aria-hidden='true' data-av_icon='\ue87b' data-av_iconfont='entypo-fontello'><\/span><span class='hr-inner inner-border-av-border-thin'><span class=\"hr-inner-style\"><\/span><\/span><\/div>\n\n<style type=\"text\/css\" data-created_by=\"avia_inline_auto\" id=\"style-css-av-5nuglc-f9dae6bd68ea3f626f8e4fa6885350f6\">\n.flex_column.av-5nuglc-f9dae6bd68ea3f626f8e4fa6885350f6{\nborder-radius:0px 0px 0px 0px;\n-webkit-border-radius:0px 0px 0px 0px;\n-moz-border-radius:0px 0px 0px 0px;\n}\n<\/style>\n<div class='flex_column av-5nuglc-f9dae6bd68ea3f626f8e4fa6885350f6 av_three_fifth first flex_column_div av-zero-column-padding '   ><style type=\"text\/css\" data-created_by=\"avia_inline_auto\" id=\"style-css-av-3ofikw-76c7143d2038fb07c6c37e1ab4d70171\">\n#top .av_textblock_section.av-3ofikw-76c7143d2038fb07c6c37e1ab4d70171 .avia_textblock{\nfont-size:16px;\n}\n<\/style>\n<section  class='av_textblock_section av-3ofikw-76c7143d2038fb07c6c37e1ab4d70171'  itemscope=\"itemscope\" itemtype=\"https:\/\/schema.org\/CreativeWork\" ><div class='avia_textblock'  itemprop=\"text\" ><p class=\"vc_custom_heading wpb_animate_when_almost_visible wpb_fadeInUp fadeInUp wpb_start_animation animated\" style=\"text-align: left;\">Francesca Vaccari, danseuse de tango argentin, style Salon, a commenc\u00e9 \u00e0 \u00e9tudier la danse classique en 1991 avec professeure Maria Armanini.<\/p>\n<p style=\"text-align: justify;\">\u00c0 l&rsquo;\u00e2ge de 24 ans, elle a commenc\u00e9 \u00e0 \u00e9tudier le tango argentin \u00e0 Rome, la ville o\u00f9 elle vivait \u00e0 l&rsquo;\u00e9poque et o\u00f9 des danseurs c\u00e9l\u00e8bres \u00e9taient r\u00e9guli\u00e8rement pr\u00e9sents, de sorte qu&rsquo;elle a pu, d\u00e8s le d\u00e9but, \u00e9tudier avec des professeurs de renomm\u00e9e internationale tels que Sebasti\u00e1n Miss\u00e9 et Andrea Reyero, Sebasti\u00e1n Ach\u00e1val et Roxana Su\u00e1rez, Roberta Beccarini parmi d&rsquo;autres.<\/p>\n<p style=\"text-align: justify;\">En 2011, il a d\u00e9m\u00e9nag\u00e9 \u00e0 Barcelone o\u00f9 il a re\u00e7u sa formation principale en tango de salon avec Joaqu\u00edn Torres.<\/p>\n<p style=\"text-align: justify;\">Entre 2011 et 2020, elle continue \u00e0 s\u2019entrainer et \u00e0 se perfectionner, en prenant des cours en Europe et en Argentine avec des professeurs renomm\u00e9s (de salon et de sc\u00e8ne) tels que Sebasti\u00e1n Jim\u00e9nez, Rub\u00e9n et Sabrina V\u00e9liz, Natalia Hills et Alejandro Aquino, Elina Rold\u00e1n, Ver\u00f3nica Salmer\u00f3n, Melina Brufman, Jorgelina Guzzi, Francisco Forquera, Fernando Carrasco et Jimena Hoffner, Carolina Buenaventura et bien d&rsquo;autres encore.<\/p>\n<p style=\"text-align: justify;\">En 2015, elle est invit\u00e9e \u00e0 donner des cours r\u00e9guliers \u00e0 Aquelarre Tango, une \u00e9cole et milonga de Barcelone dirig\u00e9e par Cecilia Berra et Carolina Mazzeo. L&rsquo;ann\u00e9e suivante, elle continue \u00e0 donner des cours r\u00e9guliers de tango de salon et de technique au Maragata Club de Tango (ex Aquelarre). L&rsquo;ann\u00e9e suivante, elle continue \u00e0 donner des cours r\u00e9guliers de tango de salon et de technique au Maragata Club de Tango (ex Aquelarre).<\/p>\n<p style=\"text-align: justify;\">En 2017, il ouvre son propre espace au c\u0153ur de Barcelone, <strong>El Puntazo Estudio de Tango<\/strong>, dans le but de cr\u00e9er une proposition d&rsquo;enseignement structur\u00e9e, qui offre aux \u00e9l\u00e8ves une formation continue dans une ligne didactique coh\u00e9rente et un suivi constant de leur \u00e9volution.<\/p>\n<p>Ces derni\u00e8res ann\u00e9es, il a collabor\u00e9 artistiquement avec de nombreux danseurs argentins et europ\u00e9ens, parmi lesquels Diego Escobar, danseur de renomm\u00e9e internationale, jury du championnat du monde de tango organis\u00e9 par la ville de Buenos Aires, Claudio Hoffman, danseur, chor\u00e9graphe et directeur de la prestigieuse \u00e9cole de danse de tango de la ville de Buenos Aires, Claudio Hoffman, chor\u00e9graphe et directeur de la prestigieuse \u00e9cole de danse de tango de la ville de Buenos Aires, Claudio Hoffman, chor\u00e9graphe et directeur de la prestigieuse \u00e9cole de danse de tango de la ville de Buenos Aires, Claudio Hoffman, chor\u00e9graphe et directeur de la prestigieuse \u00e9cole de danse de tango de la ville de Buenos Aires, chor\u00e9graphe et directeur de la compagnie mondialement connue \u00ab\u00a0Tango Metropolis\u00a0\u00bb, Roger Zalazar, champion d&rsquo;Europe de tango et danseur de la compagnie \u00ab\u00a0Tangueros del Sur\u00a0\u00bb dirig\u00e9e par la c\u00e9l\u00e8bre Natalia Hills, Thomas Barbier, champion d&rsquo;Europe de Vals Criollo (sous-genre du tango argentin), entre autres.<\/p>\n<p style=\"text-align: justify;\">Sa m\u00e9thode d&rsquo;enseignement est bas\u00e9e non seulement sur son exp\u00e9rience de l&rsquo;\u00e9tude du tango, mais aussi sur la conscience corporelle acquise au cours d&rsquo;ann\u00e9es d&rsquo;\u00e9tude de la danse classique et du yoga ; il dispose \u00e9galement de solides concepts didactiques acquis gr\u00e2ce \u00e0 sa formation ant\u00e9rieure et \u00e0 son exp\u00e9rience professionnelle dans le domaine de l&rsquo;enseignement des langues. Aujourd&rsquo;hui encore, elle poursuit sa recherche inlassable, explorant d&rsquo;autres genres de danse pour enrichir son bagage expressif.<\/p>\n<p><i>\u00ab\u00a0Il existe des raccourcis vers le bonheur, et la danse en fait partie\u00a0\u00bb &#8211; Vicki Baum<\/i><\/p>\n<\/div><\/section><\/div>\n<style type=\"text\/css\" data-created_by=\"avia_inline_auto\" id=\"style-css-av-33b9r4-a92339bece314a2566e6f74681e37af2\">\n.flex_column.av-33b9r4-a92339bece314a2566e6f74681e37af2{\nborder-radius:0px 0px 0px 0px;\n-webkit-border-radius:0px 0px 0px 0px;\n-moz-border-radius:0px 0px 0px 0px;\n}\n<\/style>\n<div class='flex_column av-33b9r4-a92339bece314a2566e6f74681e37af2 av_two_fifth flex_column_div av-zero-column-padding '   ><div  class='avia-video av-li9rzicj-2fe3a71582353854a13fa5bead185460 avia-video-16-9 av-no-preview-image avia-video-load-always av-lazyload-immediate av-lazyload-video-embed'  itemprop=\"video\" itemtype=\"https:\/\/schema.org\/VideoObject\"  data-original_url='https:\/\/youtu.be\/leLpbSAj6h8'><script type='text\/html' class='av-video-tmpl'><div class='avia-iframe-wrap'><iframe loading=\"lazy\" title=\"EL TANGO Y YO\" width=\"1500\" height=\"844\" src=\"https:\/\/www.youtube.com\/embed\/leLpbSAj6h8?feature=oembed&autoplay=0&loop=0&controls=1&mute=0\" frameborder=\"0\" allow=\"accelerometer; autoplay; clipboard-write; encrypted-media; gyroscope; picture-in-picture; web-share\" allowfullscreen><\/iframe><\/div><\/script><div class='av-click-to-play-overlay'><div class=\"avia_playpause_icon\"><\/div><\/div><\/div><\/div>\n","protected":false},"excerpt":{"rendered":"","protected":false},"author":1,"featured_media":0,"parent":0,"menu_order":0,"comment_status":"closed","ping_status":"closed","template":"","meta":{"footnotes":""},"yoast_head":"<!-- This site is optimized with the Yoast SEO plugin v22.5 - https:\/\/yoast.com\/wordpress\/plugins\/seo\/ -->\n<title>Francesca Vaccari danseuse de tango argentin \u00e0 Barcelone<\/title>\n<meta name=\"description\" content=\"Sa m\u00e9thode d&#039;enseignement est bas\u00e9e non seulement sur son exp\u00e9rience dans l&#039;\u00e9tude du tango, mais aussi sur la conscience du corps acquise au cours d&#039;ann\u00e9es d&#039;\u00e9tude de la danse classique et du yoga.\" \/>\n<meta name=\"robots\" content=\"index, follow, max-snippet:-1, max-image-preview:large, max-video-preview:-1\" \/>\n<link rel=\"canonical\" href=\"https:\/\/francesca-vaccari-tango.com\/fr\/a-propos-de-moi\/\" \/>\n<meta property=\"og:locale\" content=\"fr_FR\" \/>\n<meta property=\"og:type\" content=\"article\" \/>\n<meta property=\"og:title\" content=\"Francesca Vaccari danseuse de tango argentin \u00e0 Barcelone\" \/>\n<meta property=\"og:description\" content=\"Sa m\u00e9thode d&#039;enseignement est bas\u00e9e non seulement sur son exp\u00e9rience dans l&#039;\u00e9tude du tango, mais aussi sur la conscience du corps acquise au cours d&#039;ann\u00e9es d&#039;\u00e9tude de la danse classique et du yoga.\" \/>\n<meta property=\"og:url\" content=\"https:\/\/francesca-vaccari-tango.com\/fr\/a-propos-de-moi\/\" \/>\n<meta property=\"og:site_name\" content=\"Francesca Vaccari - Tango Argentino\" \/>\n<meta property=\"article:publisher\" content=\"https:\/\/www.facebook.com\/ElPuntazoEstudioDeTango\" \/>\n<meta property=\"article:modified_time\" content=\"2023-07-19T01:03:39+00:00\" \/>\n<meta property=\"og:image\" content=\"https:\/\/francesca-vaccari-tango.com\/wp-content\/uploads\/2021\/03\/IMG_5959-2-1030x773.jpg\" \/>\n\t<meta property=\"og:image:width\" content=\"1030\" \/>\n\t<meta property=\"og:image:height\" content=\"773\" \/>\n\t<meta property=\"og:image:type\" content=\"image\/jpeg\" \/>\n<meta name=\"twitter:card\" content=\"summary_large_image\" \/>\n<meta name=\"twitter:label1\" content=\"Dur\u00e9e de lecture estim\u00e9e\" \/>\n\t<meta name=\"twitter:data1\" content=\"5 minutes\" \/>\n<script type=\"application\/ld+json\" class=\"yoast-schema-graph\">{\"@context\":\"https:\/\/schema.org\",\"@graph\":[{\"@type\":\"WebPage\",\"@id\":\"https:\/\/francesca-vaccari-tango.com\/fr\/a-propos-de-moi\/\",\"url\":\"https:\/\/francesca-vaccari-tango.com\/fr\/a-propos-de-moi\/\",\"name\":\"Francesca Vaccari danseuse de tango argentin \u00e0 Barcelone\",\"isPartOf\":{\"@id\":\"https:\/\/francesca-vaccari-tango.com\/#website\"},\"datePublished\":\"2019-05-15T14:06:21+00:00\",\"dateModified\":\"2023-07-19T01:03:39+00:00\",\"description\":\"Sa m\u00e9thode d'enseignement est bas\u00e9e non seulement sur son exp\u00e9rience dans l'\u00e9tude du tango, mais aussi sur la conscience du corps acquise au cours d'ann\u00e9es d'\u00e9tude de la danse classique et du yoga.\",\"breadcrumb\":{\"@id\":\"https:\/\/francesca-vaccari-tango.com\/fr\/a-propos-de-moi\/#breadcrumb\"},\"inLanguage\":\"fr-FR\",\"potentialAction\":[{\"@type\":\"ReadAction\",\"target\":[\"https:\/\/francesca-vaccari-tango.com\/fr\/a-propos-de-moi\/\"]}]},{\"@type\":\"BreadcrumbList\",\"@id\":\"https:\/\/francesca-vaccari-tango.com\/fr\/a-propos-de-moi\/#breadcrumb\",\"itemListElement\":[{\"@type\":\"ListItem\",\"position\":1,\"name\":\"Portada\",\"item\":\"https:\/\/francesca-vaccari-tango.com\/fr\/\"},{\"@type\":\"ListItem\",\"position\":2,\"name\":\"\u00c0 PROPOS DE MOI\"}]},{\"@type\":\"WebSite\",\"@id\":\"https:\/\/francesca-vaccari-tango.com\/#website\",\"url\":\"https:\/\/francesca-vaccari-tango.com\/\",\"name\":\"Francesca Vaccari - Bailarina de tango - Tango Barcelona\",\"description\":\"Bailarina profesional de Tango Argentino\",\"publisher\":{\"@id\":\"https:\/\/francesca-vaccari-tango.com\/#organization\"},\"alternateName\":\"FRANCESCA VACCARI - TANGO EN BARCELONA\",\"potentialAction\":[{\"@type\":\"SearchAction\",\"target\":{\"@type\":\"EntryPoint\",\"urlTemplate\":\"https:\/\/francesca-vaccari-tango.com\/?s={search_term_string}\"},\"query-input\":\"required name=search_term_string\"}],\"inLanguage\":\"fr-FR\"},{\"@type\":\"Organization\",\"@id\":\"https:\/\/francesca-vaccari-tango.com\/#organization\",\"name\":\"Bailarina de Tango en Barcelona - Clases de Tango\",\"alternateName\":\"Francesca Vaccari - Clases de Tango en Barcelona\",\"url\":\"https:\/\/francesca-vaccari-tango.com\/\",\"logo\":{\"@type\":\"ImageObject\",\"inLanguage\":\"fr-FR\",\"@id\":\"https:\/\/francesca-vaccari-tango.com\/#\/schema\/logo\/image\/\",\"url\":\"https:\/\/francesca-vaccari-tango.com\/wp-content\/uploads\/2023\/07\/Logos_Francesca_Puntazo_200dpi.png\",\"contentUrl\":\"https:\/\/francesca-vaccari-tango.com\/wp-content\/uploads\/2023\/07\/Logos_Francesca_Puntazo_200dpi.png\",\"width\":627,\"height\":159,\"caption\":\"Bailarina de Tango en Barcelona - Clases de Tango\"},\"image\":{\"@id\":\"https:\/\/francesca-vaccari-tango.com\/#\/schema\/logo\/image\/\"},\"sameAs\":[\"https:\/\/www.facebook.com\/ElPuntazoEstudioDeTango\",\"https:\/\/www.instagram.com\/francescavaccari_elpuntazo\",\"https:\/\/www.youtube.com\/channel\/UC_BAIr_0I1VYRtwDBJiuWPA\"]}]}<\/script>\n<!-- \/ Yoast SEO plugin. -->","yoast_head_json":{"title":"Francesca Vaccari danseuse de tango argentin \u00e0 Barcelone","description":"Sa m\u00e9thode d'enseignement est bas\u00e9e non seulement sur son exp\u00e9rience dans l'\u00e9tude du tango, mais aussi sur la conscience du corps acquise au cours d'ann\u00e9es d'\u00e9tude de la danse classique et du yoga.","robots":{"index":"index","follow":"follow","max-snippet":"max-snippet:-1","max-image-preview":"max-image-preview:large","max-video-preview":"max-video-preview:-1"},"canonical":"https:\/\/francesca-vaccari-tango.com\/fr\/a-propos-de-moi\/","og_locale":"fr_FR","og_type":"article","og_title":"Francesca Vaccari danseuse de tango argentin \u00e0 Barcelone","og_description":"Sa m\u00e9thode d'enseignement est bas\u00e9e non seulement sur son exp\u00e9rience dans l'\u00e9tude du tango, mais aussi sur la conscience du corps acquise au cours d'ann\u00e9es d'\u00e9tude de la danse classique et du yoga.","og_url":"https:\/\/francesca-vaccari-tango.com\/fr\/a-propos-de-moi\/","og_site_name":"Francesca Vaccari - Tango Argentino","article_publisher":"https:\/\/www.facebook.com\/ElPuntazoEstudioDeTango","article_modified_time":"2023-07-19T01:03:39+00:00","og_image":[{"width":1030,"height":773,"url":"https:\/\/francesca-vaccari-tango.com\/wp-content\/uploads\/2021\/03\/IMG_5959-2-1030x773.jpg","type":"image\/jpeg"}],"twitter_card":"summary_large_image","twitter_misc":{"Dur\u00e9e de lecture estim\u00e9e":"5 minutes"},"schema":{"@context":"https:\/\/schema.org","@graph":[{"@type":"WebPage","@id":"https:\/\/francesca-vaccari-tango.com\/fr\/a-propos-de-moi\/","url":"https:\/\/francesca-vaccari-tango.com\/fr\/a-propos-de-moi\/","name":"Francesca Vaccari danseuse de tango argentin \u00e0 Barcelone","isPartOf":{"@id":"https:\/\/francesca-vaccari-tango.com\/#website"},"datePublished":"2019-05-15T14:06:21+00:00","dateModified":"2023-07-19T01:03:39+00:00","description":"Sa m\u00e9thode d'enseignement est bas\u00e9e non seulement sur son exp\u00e9rience dans l'\u00e9tude du tango, mais aussi sur la conscience du corps acquise au cours d'ann\u00e9es d'\u00e9tude de la danse classique et du yoga.","breadcrumb":{"@id":"https:\/\/francesca-vaccari-tango.com\/fr\/a-propos-de-moi\/#breadcrumb"},"inLanguage":"fr-FR","potentialAction":[{"@type":"ReadAction","target":["https:\/\/francesca-vaccari-tango.com\/fr\/a-propos-de-moi\/"]}]},{"@type":"BreadcrumbList","@id":"https:\/\/francesca-vaccari-tango.com\/fr\/a-propos-de-moi\/#breadcrumb","itemListElement":[{"@type":"ListItem","position":1,"name":"Portada","item":"https:\/\/francesca-vaccari-tango.com\/fr\/"},{"@type":"ListItem","position":2,"name":"\u00c0 PROPOS DE MOI"}]},{"@type":"WebSite","@id":"https:\/\/francesca-vaccari-tango.com\/#website","url":"https:\/\/francesca-vaccari-tango.com\/","name":"Francesca Vaccari - Bailarina de tango - Tango Barcelona","description":"Bailarina profesional de Tango Argentino","publisher":{"@id":"https:\/\/francesca-vaccari-tango.com\/#organization"},"alternateName":"FRANCESCA VACCARI - TANGO EN BARCELONA","potentialAction":[{"@type":"SearchAction","target":{"@type":"EntryPoint","urlTemplate":"https:\/\/francesca-vaccari-tango.com\/?s={search_term_string}"},"query-input":"required name=search_term_string"}],"inLanguage":"fr-FR"},{"@type":"Organization","@id":"https:\/\/francesca-vaccari-tango.com\/#organization","name":"Bailarina de Tango en Barcelona - Clases de Tango","alternateName":"Francesca Vaccari - Clases de Tango en Barcelona","url":"https:\/\/francesca-vaccari-tango.com\/","logo":{"@type":"ImageObject","inLanguage":"fr-FR","@id":"https:\/\/francesca-vaccari-tango.com\/#\/schema\/logo\/image\/","url":"https:\/\/francesca-vaccari-tango.com\/wp-content\/uploads\/2023\/07\/Logos_Francesca_Puntazo_200dpi.png","contentUrl":"https:\/\/francesca-vaccari-tango.com\/wp-content\/uploads\/2023\/07\/Logos_Francesca_Puntazo_200dpi.png","width":627,"height":159,"caption":"Bailarina de Tango en Barcelona - Clases de Tango"},"image":{"@id":"https:\/\/francesca-vaccari-tango.com\/#\/schema\/logo\/image\/"},"sameAs":["https:\/\/www.facebook.com\/ElPuntazoEstudioDeTango","https:\/\/www.instagram.com\/francescavaccari_elpuntazo","https:\/\/www.youtube.com\/channel\/UC_BAIr_0I1VYRtwDBJiuWPA"]}]}},"_links":{"self":[{"href":"https:\/\/francesca-vaccari-tango.com\/fr\/wp-json\/wp\/v2\/pages\/4795"}],"collection":[{"href":"https:\/\/francesca-vaccari-tango.com\/fr\/wp-json\/wp\/v2\/pages"}],"about":[{"href":"https:\/\/francesca-vaccari-tango.com\/fr\/wp-json\/wp\/v2\/types\/page"}],"author":[{"embeddable":true,"href":"https:\/\/francesca-vaccari-tango.com\/fr\/wp-json\/wp\/v2\/users\/1"}],"replies":[{"embeddable":true,"href":"https:\/\/francesca-vaccari-tango.com\/fr\/wp-json\/wp\/v2\/comments?post=4795"}],"version-history":[{"count":11,"href":"https:\/\/francesca-vaccari-tango.com\/fr\/wp-json\/wp\/v2\/pages\/4795\/revisions"}],"predecessor-version":[{"id":6276,"href":"https:\/\/francesca-vaccari-tango.com\/fr\/wp-json\/wp\/v2\/pages\/4795\/revisions\/6276"}],"wp:attachment":[{"href":"https:\/\/francesca-vaccari-tango.com\/fr\/wp-json\/wp\/v2\/media?parent=4795"}],"curies":[{"name":"wp","href":"https:\/\/api.w.org\/{rel}","templated":true}]}}